{"id":7,"date":"2019-07-04T10:32:17","date_gmt":"2019-07-04T10:32:17","guid":{"rendered":"https:\/\/kuj-chor.de\/?page_id=7"},"modified":"2024-11-11T00:33:47","modified_gmt":"2024-11-10T23:33:47","slug":"startseite","status":"publish","type":"page","link":"https:\/\/kuj-chor.de\/","title":{"rendered":"Startseite"},"content":{"rendered":"<div class=\"fusion-fullwidth fullwidth-box fusion-builder-row-1 nonhundred-percent-fullwidth non-hundred-percent-height-scrolling\" style=\"--awb-border-radius-top-left:0px;--awb-border-radius-top-right:0px;--awb-border-radius-bottom-right:0px;--awb-border-radius-bottom-left:0px;\" ><div class=\"fusion-builder-row fusion-row\"><div class=\"fusion-layout-column fusion_builder_column fusion-builder-column-0 fusion_builder_column_1_2 1_2 fusion-one-half fusion-column-first\" style=\"--awb-bg-size:cover;width:50%;width:calc(50% - ( ( 4% ) * 0.5 ) );margin-right: 4%;\"><div class=\"fusion-column-wrapper fusion-column-has-shadow fusion-flex-column-wrapper-legacy\"><div class=\"fusion-text fusion-text-1\"><p><img decoding=\"async\" class=\"alignnone wp-image-381 size-full\" src=\"https:\/\/kuj-chor.de\/wp-content\/uploads\/2023\/10\/2023-Konzert-Christuskirche_125-Web-min.jpeg\" alt=\"\" width=\"1620\" height=\"1025\" srcset=\"https:\/\/kuj-chor.de\/wp-content\/uploads\/2023\/10\/2023-Konzert-Christuskirche_125-Web-min-200x127.jpeg 200w, https:\/\/kuj-chor.de\/wp-content\/uploads\/2023\/10\/2023-Konzert-Christuskirche_125-Web-min-300x190.jpeg 300w, https:\/\/kuj-chor.de\/wp-content\/uploads\/2023\/10\/2023-Konzert-Christuskirche_125-Web-min-320x202.jpeg 320w, https:\/\/kuj-chor.de\/wp-content\/uploads\/2023\/10\/2023-Konzert-Christuskirche_125-Web-min-400x253.jpeg 400w, https:\/\/kuj-chor.de\/wp-content\/uploads\/2023\/10\/2023-Konzert-Christuskirche_125-Web-min-600x380.jpeg 600w, https:\/\/kuj-chor.de\/wp-content\/uploads\/2023\/10\/2023-Konzert-Christuskirche_125-Web-min-768x486.jpeg 768w, https:\/\/kuj-chor.de\/wp-content\/uploads\/2023\/10\/2023-Konzert-Christuskirche_125-Web-min-800x506.jpeg 800w, https:\/\/kuj-chor.de\/wp-content\/uploads\/2023\/10\/2023-Konzert-Christuskirche_125-Web-min-1024x648.jpeg 1024w, https:\/\/kuj-chor.de\/wp-content\/uploads\/2023\/10\/2023-Konzert-Christuskirche_125-Web-min-1200x759.jpeg 1200w, https:\/\/kuj-chor.de\/wp-content\/uploads\/2023\/10\/2023-Konzert-Christuskirche_125-Web-min-1536x972.jpeg 1536w, https:\/\/kuj-chor.de\/wp-content\/uploads\/2023\/10\/2023-Konzert-Christuskirche_125-Web-min.jpeg 1620w\" sizes=\"(max-width: 1620px) 100vw, 1620px\" \/><\/p>\n<\/div><div class=\"fusion-clearfix\"><\/div><\/div><\/div><div class=\"fusion-layout-column fusion_builder_column fusion-builder-column-1 fusion_builder_column_1_2 1_2 fusion-one-half fusion-column-last\" style=\"--awb-bg-size:cover;width:50%;width:calc(50% - ( ( 4% ) * 0.5 ) );\"><div class=\"fusion-column-wrapper fusion-column-has-shadow fusion-flex-column-wrapper-legacy\"><div class=\"fusion-image-before-after-wrapper fusion-image-before-after-horizontal type-before_after fusion-image-before-after-wrapper-1\" style=\"--awb-font-size:13px;--awb-bordersize:0px;--awb-accent-color-bg:rgba(255,255,255,0.15);--awb-transition-time:0.5s;\"><div class=\"fusion-image-before-after-element fusion-image-before-after fusion-image-before-after-container fusion-image-before-after-1\" data-offset=\"0.5\" data-orientation=\"horizontal\" data-move-with-handle-only=\"true\" data-click-to-move=\"true\"><img decoding=\"async\" class=\"fusion-image-before-after-before\" src=\"https:\/\/kuj-chor.de\/wp-content\/uploads\/2024\/03\/2024-JH-Oberwesel_Gruppe_1-min.jpeg\" width=\"1280\" height=\"768\"><img decoding=\"async\" class=\"fusion-image-before-after-after\" src=\"https:\/\/kuj-chor.de\/wp-content\/uploads\/2024\/03\/2024-JH-Oberwesel_Gruppe_2-min.jpeg\" width=\"1280\" height=\"705\"><div class=\"fusion-image-before-after-handle fusion-image-before-after-handle-default\"><span class=\"fusion-image-before-after-left-arrow\"><\/span><span class=\"fusion-image-before-after-right-arrow\"><\/span><\/div><\/div><\/div><div class=\"fusion-text fusion-text-2\"><h1><strong>Herzlich Willkommen auf der Seite des Heppenheimer Kinder- und Jugendchors<\/strong><\/h1>\n<div class=\"x11i5rnm xat24cr x1mh8g0r x1vvkbs xdj266r x126k92a\"><\/div>\n<\/div><div class=\"fusion-clearfix\"><\/div><\/div><\/div><\/div><\/div><div class=\"fusion-fullwidth fullwidth-box fusion-builder-row-2 fusion-flex-container has-pattern-background has-mask-background nonhundred-percent-fullwidth non-hundred-percent-height-scrolling\" style=\"--awb-border-radius-top-left:0px;--awb-border-radius-top-right:0px;--awb-border-radius-bottom-right:0px;--awb-border-radius-bottom-left:0px;\" ><div class=\"fusion-builder-row fusion-row fusion-flex-align-items-flex-start\" style=\"max-width:1144px;margin-left: calc(-4% \/ 2 );margin-right: calc(-4% \/ 2 );\"><div class=\"fusion-layout-column fusion_builder_column fusion-builder-column-2 fusion_builder_column_1_1 1_1 fusion-flex-column\" style=\"--awb-bg-size:cover;--awb-width-large:100%;--awb-margin-top-large:0px;--awb-spacing-right-large:1.92%;--awb-margin-bottom-large:20px;--awb-spacing-left-large:1.92%;--awb-width-medium:100%;--awb-order-medium:0;--awb-spacing-right-medium:1.92%;--awb-spacing-left-medium:1.92%;--awb-width-small:100%;--awb-order-small:0;--awb-spacing-right-small:1.92%;--awb-spacing-left-small:1.92%;\"><div class=\"fusion-column-wrapper fusion-column-has-shadow fusion-flex-justify-content-flex-start fusion-content-layout-column\"><div class=\"fusion-text fusion-text-3\"><p style=\"font-weight: 400;\">Heppenheimer Kinder- und Jugendchor<\/p>\n<p style=\"font-weight: 400;\">Aktuell singen \u00fcber 110 Aktive in den Ch\u00f6ren; die meisten kommen aus Heppenheim, einige aus benachbarten Ortschaften der Bergstra\u00dfe.<\/p>\n<p style=\"font-weight: 400;\">Der Chor ist fester Bestandteil des kulturellen Lebens der Kreisstadt und war musikalischer Botschafter nicht nur in den Partnerst\u00e4dten Le Chesnay und Kaltern, sondern auch mehrfach in Wien, Prag, Budapest, Mailand, Rom, am Lago Maggiore und in der Toscana. So entstanden musikalische Highlights wie das Singen im Petersdom in Rom, in Notre Dame in Paris, die Teilnahme am Chorfestival in Prag u. a. Die M\u00e4dchen und Jungen nahmen mehrfach erfolgreich am Bundesleistungssingen des Hessischen Chorverbandes teil, im Jahre 1994 erhielten sie die \u201ePlakette f\u00fcr besondere Chorische Leistungen\u201c in der Mehrzweckhalle in HP-Erbach vom damaligen Kultusminister Holzapfel.<\/p>\n<p style=\"font-weight: 400;\">Es folgten gr\u00f6\u00dfere Projekte: \u201ePop goes Klassik\u201c mit dem Orchester der Musikschule, Melodien aus \u201eGlee\u201c, Auff\u00fchrung des Musicals \u201ePeter Pan\u201c von Konstantin Wecker u. a. auch im B\u00fcrgerhaus M\u00f6rlenbach, Teilnahme an der \u201eCarmina Burana\u201c, Benefizkonzerte zugunsten des Kosovo und zuletzt der Ukraine und j\u00e4hrlich gr\u00f6\u00dfere Weihnachtskonzerte im \u201eDom der Bergstra\u00dfe\u201c.<\/p>\n<p style=\"font-weight: 400;\">Eine besondere Idee setzten die Jungen und M\u00e4dchen zusammen mit Querbeat im Jahre 2019 um: Unter dem Motto \u201eMit Kl\u00e4ngen Brunnen bauen\u201c ersangen und sammelten sie 20.000 Euro f\u00fcr Brunnenbau und Unterst\u00fctzung eines Waisenhauses im afrikanischen Swasiland, dem heutigen Eswatini. Es grenzt an S\u00fcdafrika und im Osten an Mosambik.<\/p>\n<p style=\"font-weight: 400;\">Als 2020 die Pandemie kam, in der viele Ch\u00f6re, Ensembles und Sportgruppen ihre Aktivit\u00e4ten einstellen mussten, wurde \u201eOnline\u201c geprobt oder mit aufgenommenen Videos und Klavierdateien. So konnten die Ch\u00f6re bereits 2022 nach 4 regul\u00e4ren Pr\u00e4senzproben \u201eOpen air\u201c im vollbesetzten Kastanienhof in Heppenheim auftreten.<\/p>\n<p style=\"font-weight: 400;\">Der Heppenheimer Kinder- u. Jugendchor arbeitet seit vielen Jahren mit der Schloss-Schule und der Nibelungenschule, sowie der Musikschule zusammen. So entstand vor 30 Jahren schon der angeschlossene \u201eSchloss-Schulchor\u201c. Seit 8 Jahren leitet Helmut Vorsch\u00fctz die \u201eSingpause\u201c in der Nibelungenschule, die auf die Initiative der Schulleiterin Pia H\u00f6lzel zur\u00fcckzuf\u00fchren ist. So singen mittlerweile w\u00f6chentlich allein in beiden Grundschulen 440 Kinder. Fazit: Unsere Heppenheimer Jugend singt!! Der Stellenwert der Musik ist in der Kreisstadt hoch.<\/p>\n<p style=\"font-weight: 400;\"><strong>Nach Konzert aller Ch\u00f6re am 8. Sept. 2024 in der Christuskirche und dem Afrika-Konzert am 13. Oktober zusammen mit der s\u00fcdafrikanischen Gesangsformation \u201eAma born free\u201c haben nun die Proben f\u00fcr das gro\u00dfe Weihnachtskonzert in Sankt Peter Heppenheim am 3. Advent begonnen. Anfang Februar fahren Jugendchor und Querbeat zur j\u00e4hrlichen Singfreizeit in die Jugendherberge mit einem abwechslungsreichen Programm zwischen Proben, Spielen und Party. Jetzt ist also f\u00fcr alle 3 Chorgruppen der richtige Zeitpunkt, mal das Singen unverbindlich zu probieren. Das gilt auch f\u00fcr Ehemalige, die aufgrund des Schulwechsels oder des Studiums aufh\u00f6ren mussten.<\/strong><\/p>\n<p style=\"font-weight: 400;\">Proben: Amtshof \u2013 Kurf\u00fcrstensaal- Eingang M\u00fchlgasse<\/p>\n<p style=\"font-weight: 400;\">Kinderchor (Grundschulalter): \u00a0\u00a0\u00a0\u00a0\u00a0 Mittwoch 17.15 \u2013 18.00 Uhr<\/p>\n<p style=\"font-weight: 400;\">Jugendchor (ab 11 Jahre)\u00a0 \u00a0\u00a0: \u00a0\u00a0\u00a0\u00a0\u00a0\u00a0 Mittwoch 18.00 &#8211; 18.45 Uhr<\/p>\n<p style=\"font-weight: 400;\">Querbeat: \u00a0\u00a0\u00a0\u00a0\u00a0\u00a0\u00a0\u00a0\u00a0\u00a0\u00a0\u00a0\u00a0\u00a0\u00a0\u00a0\u00a0\u00a0\u00a0\u00a0\u00a0\u00a0\u00a0\u00a0\u00a0\u00a0\u00a0\u00a0\u00a0\u00a0\u00a0\u00a0\u00a0 Mittwoch 18.45 &#8211; 20.15 Uhr<\/p>\n<p style=\"font-weight: 400;\">Bei R\u00fcckfragen:<\/p>\n<p style=\"font-weight: 400;\">Kontakt: kuj-Chor.de<\/p>\n<p style=\"font-weight: 400;\">Telefon Chorleiter Helmut Vorsch\u00fctz: 0179-2156848<\/p>\n<p style=\"font-weight: 400;\">Telefon Vorsitzende Martina Herweh: 06252-77135<\/p>\n<\/div><\/div><\/div><\/div><\/div><div class=\"fusion-fullwidth fullwidth-box fusion-builder-row-3 fusion-flex-container has-pattern-background has-mask-background nonhundred-percent-fullwidth non-hundred-percent-height-scrolling\" style=\"--awb-border-radius-top-left:0px;--awb-border-radius-top-right:0px;--awb-border-radius-bottom-right:0px;--awb-border-radius-bottom-left:0px;\" ><div class=\"fusion-builder-row fusion-row fusion-flex-align-items-flex-start\" style=\"max-width:1144px;margin-left: calc(-4% \/ 2 );margin-right: calc(-4% \/ 2 );\"><div class=\"fusion-layout-column fusion_builder_column fusion-builder-column-3 fusion_builder_column_1_2 1_2 fusion-flex-column\" style=\"--awb-bg-size:cover;--awb-width-large:50%;--awb-margin-top-large:0px;--awb-spacing-right-large:3.84%;--awb-margin-bottom-large:20px;--awb-spacing-left-large:3.84%;--awb-width-medium:100%;--awb-order-medium:0;--awb-spacing-right-medium:1.92%;--awb-spacing-left-medium:1.92%;--awb-width-small:100%;--awb-order-small:0;--awb-spacing-right-small:1.92%;--awb-spacing-left-small:1.92%;\"><div class=\"fusion-column-wrapper fusion-column-has-shadow fusion-flex-justify-content-flex-start fusion-content-layout-column\"><div class=\"fusion-image-element \" style=\"--awb-caption-title-size:var(--h2_typography-font-size);--awb-caption-title-transform:var(--h2_typography-text-transform);--awb-caption-title-line-height:var(--h2_typography-line-height);--awb-caption-title-letter-spacing:var(--h2_typography-letter-spacing);\"><span class=\" fusion-imageframe imageframe-none imageframe-1 hover-type-none\"><img decoding=\"async\" width=\"1600\" height=\"1200\" title=\"Offene Probe\" src=\"https:\/\/kuj-chor.de\/wp-content\/uploads\/2024\/11\/Offene-Probe.jpeg\" alt class=\"img-responsive wp-image-401\" srcset=\"https:\/\/kuj-chor.de\/wp-content\/uploads\/2024\/11\/Offene-Probe-200x150.jpeg 200w, https:\/\/kuj-chor.de\/wp-content\/uploads\/2024\/11\/Offene-Probe-400x300.jpeg 400w, https:\/\/kuj-chor.de\/wp-content\/uploads\/2024\/11\/Offene-Probe-600x450.jpeg 600w, https:\/\/kuj-chor.de\/wp-content\/uploads\/2024\/11\/Offene-Probe-800x600.jpeg 800w, https:\/\/kuj-chor.de\/wp-content\/uploads\/2024\/11\/Offene-Probe-1200x900.jpeg 1200w, https:\/\/kuj-chor.de\/wp-content\/uploads\/2024\/11\/Offene-Probe.jpeg 1600w\" sizes=\"(max-width: 1024px) 100vw, (max-width: 640px) 100vw, 600px\" \/><\/span><\/div><\/div><\/div><div class=\"fusion-layout-column fusion_builder_column fusion-builder-column-4 fusion_builder_column_1_2 1_2 fusion-flex-column\" style=\"--awb-bg-size:cover;--awb-width-large:50%;--awb-margin-top-large:0px;--awb-spacing-right-large:3.84%;--awb-margin-bottom-large:20px;--awb-spacing-left-large:3.84%;--awb-width-medium:100%;--awb-order-medium:0;--awb-spacing-right-medium:1.92%;--awb-spacing-left-medium:1.92%;--awb-width-small:100%;--awb-order-small:0;--awb-spacing-right-small:1.92%;--awb-spacing-left-small:1.92%;\"><div class=\"fusion-column-wrapper fusion-column-has-shadow fusion-flex-justify-content-flex-start fusion-content-layout-column\"><div class=\"fusion-image-element \" style=\"--awb-caption-title-size:var(--h2_typography-font-size);--awb-caption-title-transform:var(--h2_typography-text-transform);--awb-caption-title-line-height:var(--h2_typography-line-height);--awb-caption-title-letter-spacing:var(--h2_typography-letter-spacing);\"><span class=\" fusion-imageframe imageframe-none imageframe-2 hover-type-none\"><img decoding=\"async\" width=\"1200\" height=\"1600\" title=\"Offene Probe 2\" src=\"https:\/\/kuj-chor.de\/wp-content\/uploads\/2024\/11\/Offene-Probe-2.jpeg\" alt class=\"img-responsive wp-image-400\" srcset=\"https:\/\/kuj-chor.de\/wp-content\/uploads\/2024\/11\/Offene-Probe-2-200x267.jpeg 200w, https:\/\/kuj-chor.de\/wp-content\/uploads\/2024\/11\/Offene-Probe-2-400x533.jpeg 400w, https:\/\/kuj-chor.de\/wp-content\/uploads\/2024\/11\/Offene-Probe-2-600x800.jpeg 600w, https:\/\/kuj-chor.de\/wp-content\/uploads\/2024\/11\/Offene-Probe-2-800x1067.jpeg 800w, https:\/\/kuj-chor.de\/wp-content\/uploads\/2024\/11\/Offene-Probe-2.jpeg 1200w\" sizes=\"(max-width: 1024px) 100vw, (max-width: 640px) 100vw, 600px\" \/><\/span><\/div><\/div><\/div><\/div><\/div><div class=\"fusion-fullwidth fullwidth-box fusion-builder-row-4 fusion-flex-container has-pattern-background has-mask-background nonhundred-percent-fullwidth non-hundred-percent-height-scrolling\" style=\"--awb-border-radius-top-left:0px;--awb-border-radius-top-right:0px;--awb-border-radius-bottom-right:0px;--awb-border-radius-bottom-left:0px;\" ><div class=\"fusion-builder-row fusion-row fusion-flex-align-items-flex-start\" style=\"max-width:1144px;margin-left: calc(-4% \/ 2 );margin-right: calc(-4% \/ 2 );\"><div class=\"fusion-layout-column fusion_builder_column fusion-builder-column-5 fusion_builder_column_1_1 1_1 fusion-flex-column\" style=\"--awb-bg-size:cover;--awb-width-large:100%;--awb-margin-top-large:0px;--awb-spacing-right-large:1.92%;--awb-margin-bottom-large:20px;--awb-spacing-left-large:1.92%;--awb-width-medium:100%;--awb-order-medium:0;--awb-spacing-right-medium:1.92%;--awb-spacing-left-medium:1.92%;--awb-width-small:100%;--awb-order-small:0;--awb-spacing-right-small:1.92%;--awb-spacing-left-small:1.92%;\"><div class=\"fusion-column-wrapper fusion-column-has-shadow fusion-flex-justify-content-flex-start fusion-content-layout-column\"><div class=\"fusion-image-element \" style=\"--awb-caption-title-size:var(--h2_typography-font-size);--awb-caption-title-transform:var(--h2_typography-text-transform);--awb-caption-title-line-height:var(--h2_typography-line-height);--awb-caption-title-letter-spacing:var(--h2_typography-letter-spacing);\"><span class=\" fusion-imageframe imageframe-none imageframe-3 hover-type-none\"><img decoding=\"async\" width=\"2560\" height=\"1707\" title=\"Konzert Inkululeku _ Christuskirche Heppenheim\" src=\"https:\/\/kuj-chor.de\/wp-content\/uploads\/2024\/11\/2024-10-Konzert-Inkululeku_Querbeat-Jugendchor_001-scaled.jpg\" alt class=\"img-responsive wp-image-403\" srcset=\"https:\/\/kuj-chor.de\/wp-content\/uploads\/2024\/11\/2024-10-Konzert-Inkululeku_Querbeat-Jugendchor_001-200x133.jpg 200w, https:\/\/kuj-chor.de\/wp-content\/uploads\/2024\/11\/2024-10-Konzert-Inkululeku_Querbeat-Jugendchor_001-400x267.jpg 400w, https:\/\/kuj-chor.de\/wp-content\/uploads\/2024\/11\/2024-10-Konzert-Inkululeku_Querbeat-Jugendchor_001-600x400.jpg 600w, https:\/\/kuj-chor.de\/wp-content\/uploads\/2024\/11\/2024-10-Konzert-Inkululeku_Querbeat-Jugendchor_001-800x533.jpg 800w, https:\/\/kuj-chor.de\/wp-content\/uploads\/2024\/11\/2024-10-Konzert-Inkululeku_Querbeat-Jugendchor_001-1200x800.jpg 1200w, https:\/\/kuj-chor.de\/wp-content\/uploads\/2024\/11\/2024-10-Konzert-Inkululeku_Querbeat-Jugendchor_001-scaled.jpg 2560w\" sizes=\"(max-width: 1024px) 100vw, (max-width: 640px) 100vw, 1200px\" \/><\/span><\/div><\/div><\/div><\/div><\/div>\n","protected":false},"excerpt":{"rendered":"","protected":false},"author":1,"featured_media":0,"parent":0,"menu_order":0,"comment_status":"closed","ping_status":"closed","template":"","meta":{"footnotes":""},"class_list":["post-7","page","type-page","status-publish","hentry"],"_links":{"self":[{"href":"https:\/\/kuj-chor.de\/index.php?rest_route=\/wp\/v2\/pages\/7","targetHints":{"allow":["GET"]}}],"collection":[{"href":"https:\/\/kuj-chor.de\/index.php?rest_route=\/wp\/v2\/pages"}],"about":[{"href":"https:\/\/kuj-chor.de\/index.php?rest_route=\/wp\/v2\/types\/page"}],"author":[{"embeddable":true,"href":"https:\/\/kuj-chor.de\/index.php?rest_route=\/wp\/v2\/users\/1"}],"replies":[{"embeddable":true,"href":"https:\/\/kuj-chor.de\/index.php?rest_route=%2Fwp%2Fv2%2Fcomments&post=7"}],"version-history":[{"count":42,"href":"https:\/\/kuj-chor.de\/index.php?rest_route=\/wp\/v2\/pages\/7\/revisions"}],"predecessor-version":[{"id":404,"href":"https:\/\/kuj-chor.de\/index.php?rest_route=\/wp\/v2\/pages\/7\/revisions\/404"}],"wp:attachment":[{"href":"https:\/\/kuj-chor.de\/index.php?rest_route=%2Fwp%2Fv2%2Fmedia&parent=7"}],"curies":[{"name":"wp","href":"https:\/\/api.w.org\/{rel}","templated":true}]}}