{"id":61,"date":"2019-07-04T17:35:39","date_gmt":"2019-07-04T15:35:39","guid":{"rendered":"https:\/\/kuj-chor.de\/?page_id=61"},"modified":"2019-07-12T16:38:42","modified_gmt":"2019-07-12T14:38:42","slug":"chorleiter","status":"publish","type":"page","link":"https:\/\/kuj-chor.de\/?page_id=61","title":{"rendered":"Chorleiter"},"content":{"rendered":"<div class=\"fusion-fullwidth fullwidth-box fusion-builder-row-1 nonhundred-percent-fullwidth non-hundred-percent-height-scrolling\" style=\"--awb-border-radius-top-left:0px;--awb-border-radius-top-right:0px;--awb-border-radius-bottom-right:0px;--awb-border-radius-bottom-left:0px;\" ><div class=\"fusion-builder-row fusion-row\"><div class=\"fusion-layout-column fusion_builder_column fusion-builder-column-0 fusion_builder_column_1_1 1_1 fusion-one-full fusion-column-first fusion-column-last\" style=\"--awb-bg-size:cover;\"><div class=\"fusion-column-wrapper fusion-column-has-shadow fusion-flex-column-wrapper-legacy\"><div class=\"fusion-text fusion-text-1\"><h1>Helmut Vorsch\u00fctz<\/h1>\n<p>1972 begann Helmut Vorsch\u00fctz seine musikalische Laufbahn als Dirigent. Sein am Bisch\u00f6flichen Seminar f\u00fcr Kirchenmusik in Essen begonnenes Studium setzte er an der Staatlichen Hochschule f\u00fcr Musik in D\u00fcsseldorf fort, mit dem Abschluss \u201esehr gut\u201c.<\/p>\n<p>Bis 1980 war er als Kirchenmusiker und Chorleiter t\u00e4tig.<\/p>\n<p>1981 wirkte er als Klavierlehrer und Chorerzieher an der St\u00e4dtischen Musikschule in Gelsenkirchen. Im gleichen Jahr wurde er zum Musikdirektor FDB (Fachverband deutscher Berufschorleiter) ernannt.<\/p>\n<p>1987 Fachbereichsleiter Gesang an der Musikschule Gelsenkirchen.<\/p>\n<p>1989 Examen zum Musikschul-Leiter.<\/p>\n<p>Von 1996 bis 2015 Kreis-Chorleiter im Kreis-Chorverband Worms.<\/p>\n<p>Seit 1998 Mitglied im Musikrat des Chorverbandes Rheinland-Pfalz.<\/p>\n<p>Seit 1998 Dozent f\u00fcr Kinderch\u00f6re, Stimmbildung und Chorcoaching.<\/p>\n<p>Seit 2006 Regionalchorleiter der Region 5 im Chorverband Rheinland-Pfalz<\/p>\n<p>Juror bei Leistungssingen im Chorverband Rheinland-Pfalz<\/p>\n<p>Helmut Vorsch\u00fctz errang mit 14 Ch\u00f6ren in Nordrhein-Westfalen und Rheinland-Pfalz den begehrten Titel \u201eMeisterchor\u201c. Zu seinen weiteren Verdiensten geh\u00f6ren zwei Landessiege im Wettbewerb \u201eJugend singt\u201c in Nordrhein-Westfalen sowie der 1. Preis f\u00fcr den von ihm gegr\u00fcndeten \u201eGelsenkirchener Kinderchor\u201c beim \u201eInternationalen Kinder- u. Jugendchor-Festival\u201c in Neerpelt (Belgien).<\/p>\n<p>Helmut Vorsch\u00fctz trat mehrfach mit bekannten K\u00fcnstlern im Fernsehen auf, beispielsweise mit Deborah Sasson, Gunther Emmerlich, G\u00fcnter Wewel, Ivan Rebroff und Karl Ridderbusch. Der Chorleiter lebt in Heppenheim an der Bergstra\u00dfe, wo er auch seit 1990 die Kinder- u. Jugendchorarbeit u. a. in Kooperation mit diversen Grundschulen aufbaut.<\/p>\n<\/div><div class=\"fusion-clearfix\"><\/div><\/div><\/div><\/div><\/div>\n","protected":false},"excerpt":{"rendered":"","protected":false},"author":1,"featured_media":0,"parent":54,"menu_order":0,"comment_status":"closed","ping_status":"closed","template":"","meta":{"footnotes":""},"class_list":["post-61","page","type-page","status-publish","hentry"],"_links":{"self":[{"href":"https:\/\/kuj-chor.de\/index.php?rest_route=\/wp\/v2\/pages\/61","targetHints":{"allow":["GET"]}}],"collection":[{"href":"https:\/\/kuj-chor.de\/index.php?rest_route=\/wp\/v2\/pages"}],"about":[{"href":"https:\/\/kuj-chor.de\/index.php?rest_route=\/wp\/v2\/types\/page"}],"author":[{"embeddable":true,"href":"https:\/\/kuj-chor.de\/index.php?rest_route=\/wp\/v2\/users\/1"}],"replies":[{"embeddable":true,"href":"https:\/\/kuj-chor.de\/index.php?rest_route=%2Fwp%2Fv2%2Fcomments&post=61"}],"version-history":[{"count":2,"href":"https:\/\/kuj-chor.de\/index.php?rest_route=\/wp\/v2\/pages\/61\/revisions"}],"predecessor-version":[{"id":73,"href":"https:\/\/kuj-chor.de\/index.php?rest_route=\/wp\/v2\/pages\/61\/revisions\/73"}],"up":[{"embeddable":true,"href":"https:\/\/kuj-chor.de\/index.php?rest_route=\/wp\/v2\/pages\/54"}],"wp:attachment":[{"href":"https:\/\/kuj-chor.de\/index.php?rest_route=%2Fwp%2Fv2%2Fmedia&parent=61"}],"curies":[{"name":"wp","href":"https:\/\/api.w.org\/{rel}","templated":true}]}}