{"id":54,"date":"2019-07-04T17:28:03","date_gmt":"2019-07-04T15:28:03","guid":{"rendered":"https:\/\/kuj-chor.de\/?page_id=54"},"modified":"2019-07-12T16:38:17","modified_gmt":"2019-07-12T14:38:17","slug":"ueber-den-chor","status":"publish","type":"page","link":"https:\/\/kuj-chor.de\/?page_id=54","title":{"rendered":"\u00dcber den Verein"},"content":{"rendered":"<div class=\"fusion-fullwidth fullwidth-box fusion-builder-row-1 nonhundred-percent-fullwidth non-hundred-percent-height-scrolling\" style=\"--awb-border-radius-top-left:0px;--awb-border-radius-top-right:0px;--awb-border-radius-bottom-right:0px;--awb-border-radius-bottom-left:0px;\" ><div class=\"fusion-builder-row fusion-row\"><div class=\"fusion-layout-column fusion_builder_column fusion-builder-column-0 fusion_builder_column_1_1 1_1 fusion-one-full fusion-column-first fusion-column-last\" style=\"--awb-bg-size:cover;\"><div class=\"fusion-column-wrapper fusion-column-has-shadow fusion-flex-column-wrapper-legacy\"><div class=\"fusion-text fusion-text-1\"><p>Im Jahre 1976 hielten die Heppenheimer Gesangvereine im Hotel \u201eHalber Mond\u201c eine Generalversammlung ab. Das ist eigentlich nichts Besonderes, aber in diesem Jahr kam zum ersten Mal der Wunsch auf, in Heppenheim einen Kinder- und Jugendchor zu gr\u00fcnden. Die Menge war begeistert von diesem Vorschlag und schon machte man sich auf, alles Erdenkliche zu tun, um die Gr\u00fcndung eines solchen Chores zu erm\u00f6glichen. Prompt wurde aus den kreisst\u00e4dtischen Gesangvereinen ein Arbeitskreis gegr\u00fcndet, der sich darum k\u00fcmmerte, dass alle notwendigen Bedingungen f\u00fcr die Gr\u00fcndung und Betreuung eines Kinder- und Jugendchores geschaffen wurden. So kam es, dass durch den Einsatz dieser tapferen Leute am 13. April 1976 in der S\u00fcpo zu lesen war:<\/p>\n<p>\u201eGr\u00fcnes Licht f\u00fcr den Kinder- und Jugendchor \u2013 Verein mit ideeller Unterst\u00fctzung durch die Chorgemeinschaft.\u201c<\/p>\n<p>Am 5. Mai 1976 konnte endlich die erste Singstunde in der Geschichte des Chores stattfinden. Seitdem treffen sich die Kinder und Jugendlichen jeden Mittwoch mit gro\u00dfem Eifer und Interesse zu den Proben und erarbeiten eine gro\u00dfe Bandbreite an anspruchsvollem und unterhaltsamen Repertoire. Der Chor machte einige Konzertreisen nach u.a. Ungarn, Frankreich, Tschechien, Italien und sang sogar vor dem Petersdom in Rom.<\/p>\n<p>Auch die gro\u00dfen Projekte \u201eGlee\u201c und \u201ePeter Pan \u2013 das Musical\u201c bleiben unvergessen. Mehr hierzu finden Sie in unserer Mediathek.<\/p>\n<\/div><div class=\"fusion-clearfix\"><\/div><\/div><\/div><\/div><\/div>\n","protected":false},"excerpt":{"rendered":"","protected":false},"author":1,"featured_media":0,"parent":0,"menu_order":0,"comment_status":"closed","ping_status":"closed","template":"","meta":{"footnotes":""},"class_list":["post-54","page","type-page","status-publish","hentry"],"_links":{"self":[{"href":"https:\/\/kuj-chor.de\/index.php?rest_route=\/wp\/v2\/pages\/54","targetHints":{"allow":["GET"]}}],"collection":[{"href":"https:\/\/kuj-chor.de\/index.php?rest_route=\/wp\/v2\/pages"}],"about":[{"href":"https:\/\/kuj-chor.de\/index.php?rest_route=\/wp\/v2\/types\/page"}],"author":[{"embeddable":true,"href":"https:\/\/kuj-chor.de\/index.php?rest_route=\/wp\/v2\/users\/1"}],"replies":[{"embeddable":true,"href":"https:\/\/kuj-chor.de\/index.php?rest_route=%2Fwp%2Fv2%2Fcomments&post=54"}],"version-history":[{"count":3,"href":"https:\/\/kuj-chor.de\/index.php?rest_route=\/wp\/v2\/pages\/54\/revisions"}],"predecessor-version":[{"id":72,"href":"https:\/\/kuj-chor.de\/index.php?rest_route=\/wp\/v2\/pages\/54\/revisions\/72"}],"wp:attachment":[{"href":"https:\/\/kuj-chor.de\/index.php?rest_route=%2Fwp%2Fv2%2Fmedia&parent=54"}],"curies":[{"name":"wp","href":"https:\/\/api.w.org\/{rel}","templated":true}]}}